{"id":45,"date":"2024-09-11T20:45:46","date_gmt":"2024-09-11T20:45:46","guid":{"rendered":"https:\/\/wadjetgadgets.com\/?post_type=product&#038;p=45"},"modified":"2024-10-02T01:33:54","modified_gmt":"2024-10-02T01:33:54","slug":"telein-argentum-crisocola","status":"publish","type":"product","link":"https:\/\/wadjetgadgets.com\/?product=telein-argentum-crisocola","title":{"rendered":"Telein Argentum Crisocola"},"content":{"rendered":"<table border=\"0\" cellspacing=\"0\" cellpadding=\"0\">\n<tbody>\n<tr>\n<td>La plata representa la sabidur\u00eda divina, s\u00edmbolo de pureza que ayuda a mejorar la memoria y a calmar los miedos. En el mundo f\u00edsico es un potente antis\u00e9ptico\u00a0 y bactericida, adem\u00e1s de ser el metal que presenta la conductividad t\u00e9rmica y el\u00e9ctrica m\u00e1s alta.<br \/>\nAl combinar la plata y la crisocola, se crea este amuleto cuyas propiedades y beneficios se ver\u00e1n reflejados en el bienestar general y la salud del cuerpo f\u00edsico, as\u00ed como tambi\u00e9n del cuerpo energ\u00e9tico.<\/p>\n<table border=\"0\" cellspacing=\"0\" cellpadding=\"0\">\n<tbody>\n<tr>\n<td>La crisocola est\u00e1 relacionada con el chakra garganta, favorece la comunicaci\u00f3n y es protectora de las v\u00edas respiratorias. Generalmente, es utilizada por sus propiedades m\u00e1s comunes, como: equilibra las energ\u00edas, reduce estr\u00e9s, proporciona calma e idas claras y fortalece las relaciones interpersonales.<\/td>\n<\/tr>\n<\/tbody>\n<\/table>\n<\/td>\n<\/tr>\n<\/tbody>\n<\/table>\n","protected":false},"excerpt":{"rendered":"<p>Anillo ajustable de plata .925 y crisocola azul.<\/p>\n","protected":false},"featured_media":46,"comment_status":"open","ping_status":"closed","template":"","meta":[],"product_brand":[],"product_cat":[16],"product_tag":[18,17,19],"class_list":{"0":"post-45","1":"product","2":"type-product","3":"status-publish","4":"has-post-thumbnail","6":"product_cat-anillos","7":"product_tag-anillo","8":"product_tag-crisocola","9":"product_tag-plata","11":"first","12":"instock","13":"sold-individually","14":"shipping-taxable","15":"purchasable","16":"product-type-simple"},"jetpack_sharing_enabled":true,"_links":{"self":[{"href":"https:\/\/wadjetgadgets.com\/index.php?rest_route=\/wp\/v2\/product\/45","targetHints":{"allow":["GET"]}}],"collection":[{"href":"https:\/\/wadjetgadgets.com\/index.php?rest_route=\/wp\/v2\/product"}],"about":[{"href":"https:\/\/wadjetgadgets.com\/index.php?rest_route=\/wp\/v2\/types\/product"}],"replies":[{"embeddable":true,"href":"https:\/\/wadjetgadgets.com\/index.php?rest_route=%2Fwp%2Fv2%2Fcomments&post=45"}],"wp:featuredmedia":[{"embeddable":true,"href":"https:\/\/wadjetgadgets.com\/index.php?rest_route=\/wp\/v2\/media\/46"}],"wp:attachment":[{"href":"https:\/\/wadjetgadgets.com\/index.php?rest_route=%2Fwp%2Fv2%2Fmedia&parent=45"}],"wp:term":[{"taxonomy":"product_brand","embeddable":true,"href":"https:\/\/wadjetgadgets.com\/index.php?rest_route=%2Fwp%2Fv2%2Fproduct_brand&post=45"},{"taxonomy":"product_cat","embeddable":true,"href":"https:\/\/wadjetgadgets.com\/index.php?rest_route=%2Fwp%2Fv2%2Fproduct_cat&post=45"},{"taxonomy":"product_tag","embeddable":true,"href":"https:\/\/wadjetgadgets.com\/index.php?rest_route=%2Fwp%2Fv2%2Fproduct_tag&post=45"}],"curies":[{"name":"wp","href":"https:\/\/api.w.org\/{rel}","templated":true}]}}