{"id":7,"date":"2025-06-18T15:00:57","date_gmt":"2025-06-18T15:00:57","guid":{"rendered":"https:\/\/wadjetgadgets.com\/?page_id=7"},"modified":"2025-06-18T21:10:58","modified_gmt":"2025-06-18T21:10:58","slug":"politica-de-privacidad-2","status":"publish","type":"page","link":"https:\/\/wadjetgadgets.com\/?page_id=7","title":{"rendered":"Pol\u00edtica de privacidad"},"content":{"rendered":"\n<p><\/p>\n\n\n\n<p>En cumplimiento al deber de resguardo de informaci\u00f3n y de datos personales y con fundamento en los dispuesto por los articulos 3 fracci\u00f3n 1, 8, 12, 15, 16 y dem\u00e1s relativos de la Ley Federal de Protecci\u00f3n de Datos Personales en Posesi\u00f3n de Particulares, presente Aviso de Privacidad. Wadjet Gadgets pone a su disposici\u00f3n el Aviso de Privacidad <\/p>\n\n\n\n<p><strong>IDENTIDAD Y DOMICILIO DEL RESPONSABLE DE LA PROTECCI\u00d3N DE DATOS PERSONALES<\/strong><\/p>\n\n\n\n<p>Wadjet Gadgets, Antonio Cano, ubicado en Primera ave. #104 col. Los Arcos, Ju\u00e1rez, N.L. es la persona responsable del uso y protecci\u00f3n de sus datos personales. <\/p>\n\n\n\n<p><strong>DATOS PERSONALES UTILIZADOS<\/strong><\/p>\n\n\n\n<p>Para llevar a cabo las finalidades descritas en este Aviso de Privacidad, haremos uso de los siguientes datos personales:<\/p>\n\n\n\n<p>a) Datos de contacto<\/p>\n\n\n\n<p>b) Datos de identificaci\u00f3n<\/p>\n\n\n\n<p>c) Datos de facturaci\u00f3n<\/p>\n\n\n\n<p><strong>MEDIDAS DE SEGURIDAD Y TIEMPO DE CONSERVACI\u00d3N<\/strong><\/p>\n\n\n\n<p>Sus datos ser\u00e1n conservados durante el tiempo necesario para cumplir con las finalidades establecidas en este aviso y seg\u00fan lo establecido por la ley.<\/p>\n\n\n\n<p><strong>FINALIDADES DEL TRATAMIENTO DE DATOS PERSONALES<\/strong><\/p>\n\n\n\n<p>Utilizaremos los datos recabados para las siguientes finalidades, que son necesarias para el servicio solicitado:<\/p>\n\n\n\n<p>a) Finalidad de contacto, aclaraciones y comunicaci\u00f3n<\/p>\n\n\n\n<p>b) Finalidad de facturaci\u00f3n y cobro<\/p>\n\n\n\n<p>c) Finalidad de env\u00edo y entrega de productos y servicios<\/p>\n\n\n\n<p>De manera adicional, utilizaremos su informaci\u00f3n personal para las siguientes finalidades, que no son necesarias para el servicio solicitado, pero que nos permiten y facilitan brindarle una mejor atenci\u00f3n:<\/p>\n\n\n\n<p>a) Finalidad de enviar informaci\u00f3n promocional<\/p>\n\n\n\n<p>b) Finalidad de realizar encuestas de satisfacci\u00f3n<\/p>\n\n\n\n<p><strong>TRANSFERENCIAS DE DATOS QUE SE EFECTUEN<\/strong><\/p>\n\n\n\n<p>No compartiremos sus datos personales con terceros, salvo por requerimientos legales. Los datos ser\u00e1n utilizados exclusivamente para los fines se\u00f1alados en este Aviso de Privacidad.<\/p>\n\n\n\n<h2 class=\"wp-block-heading\">Comentarios<\/h2>\n\n\n\n<p>Cuando los visitantes dejan comentarios en la web, recopilamos los datos que se muestran en el formulario de comentarios, as\u00ed como la direcci\u00f3n IP del visitante y la cadena de agentes de usuario del navegador para ayudar a la detecci\u00f3n de spam.<\/p>\n\n\n\n<p>Una cadena an\u00f3nima creada a partir de tu direcci\u00f3n de correo electr\u00f3nico (tambi\u00e9n llamada hash) puede ser proporcionada al servicio de Gravatar para ver si la est\u00e1s usando. La pol\u00edtica de privacidad del servicio Gravatar est\u00e1 disponible aqu\u00ed: https:\/\/automattic.com\/privacy\/. Despu\u00e9s de la aprobaci\u00f3n de tu comentario, la imagen de tu perfil es visible para el p\u00fablico en el contexto de tu comentario.<\/p>\n\n\n\n<h2 class=\"wp-block-heading\">Medios<\/h2>\n\n\n\n<p>Si subes im\u00e1genes a la web, deber\u00edas evitar subir im\u00e1genes con datos de ubicaci\u00f3n (GPS EXIF) incluidos. Los visitantes de la web pueden descargar y extraer cualquier dato de ubicaci\u00f3n de las im\u00e1genes de la web.<\/p>\n\n\n\n<h2 class=\"wp-block-heading\">Cookies<\/h2>\n\n\n\n<p>Si dejas un comentario en nuestro sitio puedes elegir guardar tu nombre, direcci\u00f3n de correo electr\u00f3nico y web en cookies. Esto es para tu comodidad, para que no tengas que volver a rellenar tus datos cuando dejes otro comentario. Estas cookies tendr\u00e1n una duraci\u00f3n de un a\u00f1o.<\/p>\n\n\n\n<p>Si tienes una cuenta y te conectas a este sitio, instalaremos una cookie temporal para determinar si tu navegador acepta cookies. Esta cookie no contiene datos personales y se elimina al cerrar el navegador.<\/p>\n\n\n\n<p>Cuando accedas, tambi\u00e9n instalaremos varias cookies para guardar tu informaci\u00f3n de acceso y tus opciones de visualizaci\u00f3n de pantalla. Las cookies de acceso duran dos d\u00edas, y las cookies de opciones de pantalla duran un a\u00f1o. Si seleccionas \u00abRecu\u00e9rdarme\u00bb, tu acceso perdurar\u00e1 durante dos semanas. Si sales de tu cuenta, las cookies de acceso se eliminar\u00e1n.<\/p>\n\n\n\n<p>Si editas o publicas un art\u00edculo se guardar\u00e1 una cookie adicional en tu navegador. Esta cookie no incluye datos personales y simplemente indica el ID del art\u00edculo que acabas de editar. Caduca despu\u00e9s de 1 d\u00eda.<\/p>\n\n\n\n<h2 class=\"wp-block-heading\">Contenido incrustado de otros sitios web<\/h2>\n\n\n\n<p>Los art\u00edculos de este sitio pueden incluir contenido incrustado (por ejemplo, v\u00eddeos, im\u00e1genes, art\u00edculos, etc.). El contenido incrustado de otras webs se comporta exactamente de la misma manera que si el visitante hubiera visitado la otra web.<\/p>\n\n\n\n<p>Estas web pueden recopilar datos sobre ti, utilizar cookies, incrustar un seguimiento adicional de terceros, y supervisar tu interacci\u00f3n con ese contenido incrustado, incluido el seguimiento de tu interacci\u00f3n con el contenido incrustado si tienes una cuenta y est\u00e1s conectado a esa web.<\/p>\n\n\n\n<p><strong>OPCIONES Y MEDIOS QUE EL RESPONSABLE OFREZCA A LOS TITULARES PARA LIMITAR EL USO O DIVULGACI\u00d3N DE LOS DATOS<\/strong><\/p>\n\n\n\n<p>Si desea revocar el consentimiento otorgado para el tratamiento de sus datos personales o limitar su divulgaci\u00f3n, puede presentar la solicitud respectiva a trav\u00e9s del siguiente correo electr\u00f3nico: CONTACTO<\/p>\n\n\n\n<p>La comunicaci\u00f3n de la respuesta a la solicitud de revocaci\u00f3n o limitaci\u00f3n de divulgaci\u00f3n de sus datos se llevar\u00e1 a cabo de la siguiente forma: Las respuestas ser\u00e1n enviadas por correo electr\u00f3nico a la direcci\u00f3n proporcionada por el solicitante<\/p>\n\n\n\n<p>La respuesta a la solicitud de revocaci\u00f3n o limitaci\u00f3n de divulgaci\u00f3n de sus datos se proporcionar\u00e1 en un plazo m\u00e1ximo de: 10 d\u00edas h\u00e1biles<\/p>\n\n\n\n<p><\/p>\n\n\n\n<p><strong>CAMBIOS AL AVISO DE PRIVACIDAD<\/strong><\/p>\n\n\n\n<p><br>Usted puede solicitar informaci\u00f3n sobre si el mismo ha sufrido alg\u00fan cambio a trav\u00e9s del siguiente correo electr\u00f3nico:<\/p>\n\n\n\n<p>\u00daltima actualizaci\u00f3n: 15 de Junio del 2025.<\/p>\n","protected":false},"excerpt":{"rendered":"<p>En cumplimiento al deber de resguardo de informaci\u00f3n y de datos personales y con fundamento en los dispuesto por los articulos 3 fracci\u00f3n 1, 8, 12, 15, 16 y dem\u00e1s relativos de la Ley Federal de Protecci\u00f3n de Datos Personales en Posesi\u00f3n de Particulares, presente Aviso de Privacidad. Wadjet Gadgets pone a su disposici\u00f3n el [&hellip;]<\/p>\n","protected":false},"author":1,"featured_media":0,"parent":0,"menu_order":0,"comment_status":"closed","ping_status":"closed","template":"","meta":{"footnotes":""},"class_list":["post-7","page","type-page","status-publish","hentry"],"jetpack_sharing_enabled":true,"_links":{"self":[{"href":"https:\/\/wadjetgadgets.com\/index.php?rest_route=\/wp\/v2\/pages\/7","targetHints":{"allow":["GET"]}}],"collection":[{"href":"https:\/\/wadjetgadgets.com\/index.php?rest_route=\/wp\/v2\/pages"}],"about":[{"href":"https:\/\/wadjetgadgets.com\/index.php?rest_route=\/wp\/v2\/types\/page"}],"author":[{"embeddable":true,"href":"https:\/\/wadjetgadgets.com\/index.php?rest_route=\/wp\/v2\/users\/1"}],"replies":[{"embeddable":true,"href":"https:\/\/wadjetgadgets.com\/index.php?rest_route=%2Fwp%2Fv2%2Fcomments&post=7"}],"version-history":[{"count":3,"href":"https:\/\/wadjetgadgets.com\/index.php?rest_route=\/wp\/v2\/pages\/7\/revisions"}],"predecessor-version":[{"id":371,"href":"https:\/\/wadjetgadgets.com\/index.php?rest_route=\/wp\/v2\/pages\/7\/revisions\/371"}],"wp:attachment":[{"href":"https:\/\/wadjetgadgets.com\/index.php?rest_route=%2Fwp%2Fv2%2Fmedia&parent=7"}],"curies":[{"name":"wp","href":"https:\/\/api.w.org\/{rel}","templated":true}]}}