{"id":383,"date":"2025-06-18T21:43:17","date_gmt":"2025-06-18T21:43:17","guid":{"rendered":"https:\/\/wadjetgadgets.com\/?page_id=383"},"modified":"2025-06-18T21:43:17","modified_gmt":"2025-06-18T21:43:17","slug":"acerca-de","status":"publish","type":"page","link":"https:\/\/wadjetgadgets.com\/?page_id=383","title":{"rendered":"Acerca de"},"content":{"rendered":"\n<figure class=\"wp-block-image alignwide size-large\"><img loading=\"lazy\" decoding=\"async\" width=\"1024\" height=\"384\" src=\"https:\/\/wadjetgadgets.com\/wp-content\/uploads\/2025\/06\/baner-about-up-1024x384.jpg\" alt=\"\" class=\"wp-image-385\" srcset=\"https:\/\/wadjetgadgets.com\/wp-content\/uploads\/2025\/06\/baner-about-up-1024x384.jpg 1024w, https:\/\/wadjetgadgets.com\/wp-content\/uploads\/2025\/06\/baner-about-up-300x112.jpg 300w, https:\/\/wadjetgadgets.com\/wp-content\/uploads\/2025\/06\/baner-about-up-768x288.jpg 768w, https:\/\/wadjetgadgets.com\/wp-content\/uploads\/2025\/06\/baner-about-up.jpg 1068w\" sizes=\"auto, (max-width: 1024px) 100vw, 1024px\" \/><\/figure>\n\n\n\n<p><strong>Wadjet Gadgets<\/strong> nace de la uni\u00f3n de 2\u00a0 ideas<\/p>\n\n\n\n<p><strong>1 <\/strong>.- de la necesidad de poner orden a todas las creaciones de mi mente.<\/p>\n\n\n\n<p>Gadgets porque cada uno de los articulos que encuentres aqu\u00ed cumplir\u00e1n con una funci\u00f3n en especifico, no solo son objetos, adornos y\/o prendas. Son amuletos y herramientas que te ayudaran a verte y sentirte mejor. Tanto en el mundo f\u00edsico como en el mental.<\/p>\n\n\n\n<p><strong>2<\/strong>.- El compartir con las personas mi visi\u00f3n sobre la serpiente<\/p>\n\n\n\n<p>En honor a Wadjet, Le serpiente, madre, mensajera de los dioses, dadora de conocimiento, la antig\u00fca y verde.<\/p>\n\n\n\n<p>Siempre trato de involucrar a las serpientes en todos mis proyectos:<\/p>\n\n\n\n<p>Dando cursos sobre manejo y rehubicacion de serpientes venenosas<\/p>\n\n\n\n<p>clases sobre la importancia e identificaci\u00f3n de serpientes venenosas<\/p>\n\n\n\n<p>Videos musicales (Eye of algol y Nocturnal light de la banda Therion)<\/p>\n\n\n\n<p>Fotografia artistica<\/p>\n\n\n\n<p>Videoblogs en youtube<\/p>\n\n\n\n<p>&nbsp;Y obviamente iban a estar presente en esta marca que pretende unir&nbsp; el alambrismo, joyeria y diversas tecnicas para crear piezas que puestas vestir, portar o utilizar en tus espacios.<\/p>\n\n\n\n<p>La idea principal es concientizar a las personas sobre la importancia de las serpientes en el mundo, perderles el miedo&nbsp; y entender un poco mejor su funcion en el ecosistema. As\u00ed como sobre informaci\u00f3n sobre los materiales utilizados y su relacion con diversos temas de interes a nivel salud y energetico.<\/p>\n\n\n\n<p>Detr\u00e1s del proyecto de <strong>Wadjet Gadgets<\/strong> estoy yo (<strong>Antonio Cano<\/strong>) el dise\u00f1o, producci\u00f3n, log\u00edstica, entregas, marketing y todo lo relacionado a la p\u00e1gina y el blog es elaborado por mi.\u00a0 Pero aunque sea un trabajo de una sola persona, siempre estar\u00e9 agradecido con mis amigos, colegas, maestros y colaboradores que siempre est\u00e1n ah\u00ed para apoyarme.<\/p>\n","protected":false},"excerpt":{"rendered":"<p>Wadjet Gadgets nace de la uni\u00f3n de 2\u00a0 ideas 1 .- de la necesidad de poner orden a todas las creaciones de mi mente. Gadgets porque cada uno de los articulos que encuentres aqu\u00ed cumplir\u00e1n con una funci\u00f3n en especifico, no solo son objetos, adornos y\/o prendas. Son amuletos y herramientas que te ayudaran a [&hellip;]<\/p>\n","protected":false},"author":1,"featured_media":0,"parent":0,"menu_order":0,"comment_status":"closed","ping_status":"closed","template":"","meta":{"footnotes":""},"class_list":["post-383","page","type-page","status-publish","hentry"],"jetpack_sharing_enabled":true,"_links":{"self":[{"href":"https:\/\/wadjetgadgets.com\/index.php?rest_route=\/wp\/v2\/pages\/383","targetHints":{"allow":["GET"]}}],"collection":[{"href":"https:\/\/wadjetgadgets.com\/index.php?rest_route=\/wp\/v2\/pages"}],"about":[{"href":"https:\/\/wadjetgadgets.com\/index.php?rest_route=\/wp\/v2\/types\/page"}],"author":[{"embeddable":true,"href":"https:\/\/wadjetgadgets.com\/index.php?rest_route=\/wp\/v2\/users\/1"}],"replies":[{"embeddable":true,"href":"https:\/\/wadjetgadgets.com\/index.php?rest_route=%2Fwp%2Fv2%2Fcomments&post=383"}],"version-history":[{"count":2,"href":"https:\/\/wadjetgadgets.com\/index.php?rest_route=\/wp\/v2\/pages\/383\/revisions"}],"predecessor-version":[{"id":386,"href":"https:\/\/wadjetgadgets.com\/index.php?rest_route=\/wp\/v2\/pages\/383\/revisions\/386"}],"wp:attachment":[{"href":"https:\/\/wadjetgadgets.com\/index.php?rest_route=%2Fwp%2Fv2%2Fmedia&parent=383"}],"curies":[{"name":"wp","href":"https:\/\/api.w.org\/{rel}","templated":true}]}}