{"id":321,"date":"2024-09-23T21:59:29","date_gmt":"2024-09-23T21:59:29","guid":{"rendered":"https:\/\/wadjetgadgets.com\/?page_id=321"},"modified":"2024-09-23T22:04:25","modified_gmt":"2024-09-23T22:04:25","slug":"informacion-importante","status":"publish","type":"page","link":"https:\/\/wadjetgadgets.com\/?page_id=321","title":{"rendered":"Informaci\u00f3n Importante"},"content":{"rendered":"\n<figure class=\"wp-block-image alignfull size-large\"><img loading=\"lazy\" decoding=\"async\" width=\"1024\" height=\"384\" src=\"https:\/\/wadjetgadgets.com\/wp-content\/uploads\/2024\/09\/baner-hoja-de-cuidados-up-1024x384.jpg\" alt=\"\" class=\"wp-image-293\" srcset=\"https:\/\/wadjetgadgets.com\/wp-content\/uploads\/2024\/09\/baner-hoja-de-cuidados-up-1024x384.jpg 1024w, https:\/\/wadjetgadgets.com\/wp-content\/uploads\/2024\/09\/baner-hoja-de-cuidados-up-300x112.jpg 300w, https:\/\/wadjetgadgets.com\/wp-content\/uploads\/2024\/09\/baner-hoja-de-cuidados-up-768x288.jpg 768w, https:\/\/wadjetgadgets.com\/wp-content\/uploads\/2024\/09\/baner-hoja-de-cuidados-up-600x225.jpg 600w, https:\/\/wadjetgadgets.com\/wp-content\/uploads\/2024\/09\/baner-hoja-de-cuidados-up.jpg 1068w\" sizes=\"auto, (max-width: 1024px) 100vw, 1024px\" \/><\/figure>\n\n\n\n<p><\/p>\n\n\n\n<h2 class=\"wp-block-heading has-text-align-center\">Aqu\u00ed responderemos las siguientes preguntas:\u00a0\u00a0\u00a0<\/h2>\n\n\n\n<p class=\"has-text-align-center\">\u00a0\u00a0\u00a0\u00a0<\/p>\n\n\n\n<h3 class=\"wp-block-heading\">\u00bfPor qu\u00e9 mi pieza cambi\u00f3 de color?<\/h3>\n\n\n\n<p>La joyer\u00eda elaborada con metales naturales tiende a oxidarse por agentes naturales de la piel, el medio ambiente y el tiempo. Causando un cambio de color en el metal (p\u00e1tina).<\/p>\n\n\n\n<p>A muchas personas les gusta este cambio en sus piezas, pero si no es tu caso, te doy una lista de pasos y recomendaciones para limpiar y mantener el brillo y color por m\u00e1s tiempo en la hoja de cuidados.<\/p>\n\n\n\n<p><\/p>\n\n\n\n<h3 class=\"wp-block-heading\">&nbsp;\u00bfPor qu\u00e9 se mancha la piel?<\/h3>\n\n\n\n<p>El sudor y s\u00e9rum natural de nuestra piel son agentes oxidantes del metal, y dependiendo del pH de la piel, puede aumentar el nivel de oxidaci\u00f3n de tu pieza, dejando una mancha verde\/obscura en la piel.<\/p>\n\n\n\n<p>Puedes quitar la mancha de tu piel lavando la zona.<\/p>\n\n\n\n<p>No te alarmes, es completamente natural e inofensiva. La mancha nos indica lo siguiente:<\/p>\n\n\n\n<p>1.- Si aparece al poco tiempo o es muy obscura, significa que el pH de tu piel es demasiado \u00e1cido y deber\u00edas de realizar cambios en tu dieta, h\u00e1bitos de sue\u00f1o y\/o revisar tus niveles de estr\u00e9s.<\/p>\n\n\n\n<p>2.- Significa que el sudor y &nbsp;s\u00e9rum natural de tu piel entraron en contacto con el \u00f3xido de cobre formando enzimas que estimulan la producci\u00f3n col\u00e1geno y elastina. As\u00ed como el bienestar general de la piel (ver hoja de beneficios)<\/p>\n\n\n\n<h3 class=\"wp-block-heading has-text-align-center\">\u00a1Que tu piel se manche es un indicador de que tu cuerpo ha comenzado a sanar!<\/h3>\n\n\n\n<p><\/p>\n\n\n\n<figure class=\"wp-block-image alignfull size-large\"><img loading=\"lazy\" decoding=\"async\" width=\"1024\" height=\"384\" src=\"https:\/\/wadjetgadgets.com\/wp-content\/uploads\/2024\/09\/baner-hoja-de-cuidados-up-1-1024x384.jpg\" alt=\"\" class=\"wp-image-294\" srcset=\"https:\/\/wadjetgadgets.com\/wp-content\/uploads\/2024\/09\/baner-hoja-de-cuidados-up-1-1024x384.jpg 1024w, https:\/\/wadjetgadgets.com\/wp-content\/uploads\/2024\/09\/baner-hoja-de-cuidados-up-1-300x112.jpg 300w, https:\/\/wadjetgadgets.com\/wp-content\/uploads\/2024\/09\/baner-hoja-de-cuidados-up-1-768x288.jpg 768w, https:\/\/wadjetgadgets.com\/wp-content\/uploads\/2024\/09\/baner-hoja-de-cuidados-up-1-600x225.jpg 600w, https:\/\/wadjetgadgets.com\/wp-content\/uploads\/2024\/09\/baner-hoja-de-cuidados-up-1.jpg 1068w\" sizes=\"auto, (max-width: 1024px) 100vw, 1024px\" \/><\/figure>\n\n\n\n<p><\/p>\n\n\n\n<h2 class=\"wp-block-heading has-text-align-center\">Beneficios para la salud al portar joyer\u00eda de cobre natural.<\/h2>\n\n\n\n<p>El cobre fue el metal m\u00e1s preciado de la antig\u00fcedad, su trabajo estaba dedicado a la Diosa Afrodita y desde hace m\u00e1s de 6 mil a\u00f1os, Sumerios y Egipcios ya lo utilizaban para tratar y prevenir infecciones. Con el paso del tiempo, otras civilizaciones de todo el mundo como: la Maya, Babil\u00f3nica, Persa, Griega, Inca, Azteca, India y China fueron descubriendo diversas propiedades utiliz\u00e1ndolo para elaborar herramientas quir\u00fargicas, ornamentales, ritualistas y preparados medicinales<\/p>\n\n\n\n<p>El cobre es un potente biocida, mata virus, bacterias y hongos, incluso los espermatozoides con la utilizaci\u00f3n del D.I.U. Pero es extremadamente amigable con nuestra piel, adem\u00e1s, de forma interna, es el elemento que se encarga de la creaci\u00f3n y reparaci\u00f3n de tejidos. Diferentes estudios consideran que es uno de los metales m\u00e1s seguros para el ser humano.<\/p>\n\n\n\n<p>Desde la d\u00e9cada de los 50\u00b4s se han realizado diversos experimentos y estudios sobre los beneficios a la salud que produce el cobre (\u00f3xido de cobre) sobre la piel. En los cuales se demostr\u00f3 que al utilizar prendas infusionadas en \u00f3xido de cobre (calcetines, fundas de almohadas y vendajes de heridas), se elimin\u00f3 en su totalidad el pie de atleta y mejor\u00f3 la salud general de los pies y heridas de pacientes con diabetes, as\u00ed como la disminuci\u00f3n de las arrugas llamadas \u201cpatas de gallo\u201d y una clara mejor\u00eda en la salud de la piel facial. Las heridas expuestas a vendajes infusionados sanaron mucho m\u00e1s r\u00e1pido y se evitaron las infecciones.<\/p>\n\n\n\n<p>Lo que nos lleva a las siguientes conclusiones: El \u00f3xido de cobre en contacto directo con la piel estimula procesos metab\u00f3licos y fisiol\u00f3gicos, incluida la angiog\u00e9nesis, generaci\u00f3n de nuevas c\u00e9lulas, expresi\u00f3n y estabilizaci\u00f3n de prote\u00ednas extracelulares de la piel. Estimula la producci\u00f3n y s\u00edntesis de col\u00e1geno y elastina en la piel. Adem\u00e1s, de su potente poder biocida.<\/p>\n\n\n\n<p><a href=\"https:\/\/www.ncbi.nlm.nih.gov\/pmc\/articles\/PMC4556990\/#ref-list-a.m.btitle\" data-type=\"link\" data-id=\"https:\/\/www.ncbi.nlm.nih.gov\/pmc\/articles\/PMC4556990\/#ref-list-a.m.btitle\">*Esta informaci\u00f3n es solo un resumen muy abstracto. Si quieres investigar m\u00e1s del tema, te dejo una lista con 97 referencias a publicaciones cient\u00edficas explicando a detalle las cuestiones aqu\u00ed planteadas.<\/a><\/p>\n\n\n\n<h3 class=\"wp-block-heading has-text-align-center\">\u00a1Cada que utilices tu nueva pieza de joyer\u00eda de cobre natural, estar\u00e1s mejorando la salud general de tu piel!<\/h3>\n\n\n\n<p><\/p>\n\n\n\n<figure class=\"wp-block-image alignfull size-large\"><img loading=\"lazy\" decoding=\"async\" width=\"1024\" height=\"384\" src=\"https:\/\/wadjetgadgets.com\/wp-content\/uploads\/2024\/09\/baner-hoja-de-cuidados-up-2-1024x384.jpg\" alt=\"\" class=\"wp-image-295\" srcset=\"https:\/\/wadjetgadgets.com\/wp-content\/uploads\/2024\/09\/baner-hoja-de-cuidados-up-2-1024x384.jpg 1024w, https:\/\/wadjetgadgets.com\/wp-content\/uploads\/2024\/09\/baner-hoja-de-cuidados-up-2-300x112.jpg 300w, https:\/\/wadjetgadgets.com\/wp-content\/uploads\/2024\/09\/baner-hoja-de-cuidados-up-2-768x288.jpg 768w, https:\/\/wadjetgadgets.com\/wp-content\/uploads\/2024\/09\/baner-hoja-de-cuidados-up-2-600x225.jpg 600w, https:\/\/wadjetgadgets.com\/wp-content\/uploads\/2024\/09\/baner-hoja-de-cuidados-up-2.jpg 1068w\" sizes=\"auto, (max-width: 1024px) 100vw, 1024px\" \/><\/figure>\n","protected":false},"excerpt":{"rendered":"<p>Aqu\u00ed responderemos las siguientes preguntas:\u00a0\u00a0\u00a0 \u00a0\u00a0\u00a0\u00a0 \u00bfPor qu\u00e9 mi pieza cambi\u00f3 de color? La joyer\u00eda elaborada con metales naturales tiende a oxidarse por agentes naturales de la piel, el medio ambiente y el tiempo. Causando un cambio de color en el metal (p\u00e1tina). A muchas personas les gusta este cambio en sus piezas, pero si [&hellip;]<\/p>\n","protected":false},"author":1,"featured_media":0,"parent":0,"menu_order":0,"comment_status":"closed","ping_status":"closed","template":"","meta":{"footnotes":""},"class_list":["post-321","page","type-page","status-publish","hentry"],"jetpack_sharing_enabled":true,"_links":{"self":[{"href":"https:\/\/wadjetgadgets.com\/index.php?rest_route=\/wp\/v2\/pages\/321","targetHints":{"allow":["GET"]}}],"collection":[{"href":"https:\/\/wadjetgadgets.com\/index.php?rest_route=\/wp\/v2\/pages"}],"about":[{"href":"https:\/\/wadjetgadgets.com\/index.php?rest_route=\/wp\/v2\/types\/page"}],"author":[{"embeddable":true,"href":"https:\/\/wadjetgadgets.com\/index.php?rest_route=\/wp\/v2\/users\/1"}],"replies":[{"embeddable":true,"href":"https:\/\/wadjetgadgets.com\/index.php?rest_route=%2Fwp%2Fv2%2Fcomments&post=321"}],"version-history":[{"count":3,"href":"https:\/\/wadjetgadgets.com\/index.php?rest_route=\/wp\/v2\/pages\/321\/revisions"}],"predecessor-version":[{"id":328,"href":"https:\/\/wadjetgadgets.com\/index.php?rest_route=\/wp\/v2\/pages\/321\/revisions\/328"}],"wp:attachment":[{"href":"https:\/\/wadjetgadgets.com\/index.php?rest_route=%2Fwp%2Fv2%2Fmedia&parent=321"}],"curies":[{"name":"wp","href":"https:\/\/api.w.org\/{rel}","templated":true}]}}