{"id":292,"date":"2024-09-19T16:48:09","date_gmt":"2024-09-19T16:48:09","guid":{"rendered":"https:\/\/wadjetgadgets.com\/?page_id=292"},"modified":"2025-03-13T00:33:01","modified_gmt":"2025-03-13T00:33:01","slug":"hoja-de-cuidados","status":"publish","type":"page","link":"https:\/\/wadjetgadgets.com\/?page_id=292","title":{"rendered":"Hoja de cuidados"},"content":{"rendered":"\n<h2 class=\"wp-block-heading\"><\/h2>\n\n\n\n<p><\/p>\n\n\n\n<figure class=\"wp-block-image alignfull size-large\"><img loading=\"lazy\" decoding=\"async\" width=\"1024\" height=\"384\" src=\"https:\/\/wadjetgadgets.com\/wp-content\/uploads\/2024\/09\/baner-hoja-de-cuidados-up-1-1024x384.jpg\" alt=\"\" class=\"wp-image-294\" srcset=\"https:\/\/wadjetgadgets.com\/wp-content\/uploads\/2024\/09\/baner-hoja-de-cuidados-up-1-1024x384.jpg 1024w, https:\/\/wadjetgadgets.com\/wp-content\/uploads\/2024\/09\/baner-hoja-de-cuidados-up-1-300x112.jpg 300w, https:\/\/wadjetgadgets.com\/wp-content\/uploads\/2024\/09\/baner-hoja-de-cuidados-up-1-768x288.jpg 768w, https:\/\/wadjetgadgets.com\/wp-content\/uploads\/2024\/09\/baner-hoja-de-cuidados-up-1-600x225.jpg 600w, https:\/\/wadjetgadgets.com\/wp-content\/uploads\/2024\/09\/baner-hoja-de-cuidados-up-1.jpg 1068w\" sizes=\"auto, (max-width: 1024px) 100vw, 1024px\" \/><\/figure>\n\n\n\n<p><\/p>\n\n\n\n<p class=\"has-text-align-center\">Con los cuidados correctos se puede extender la vida de cualquier tipo de joyer\u00eda por generaciones<\/p>\n\n\n\n<p class=\"has-text-align-center\" style=\"font-size:24px\"><strong>\u201cEl mejor tipo de cuidado que se le puede dar a la joyer\u00eda es el sentido com\u00fan\u201d<\/strong><\/p>\n\n\n\n<p class=\"has-text-align-center\">No portes tu pieza en las siguientes situaciones: Al ba\u00f1arte, al dormir, al hacer trabajos manuales y\/o ejercicio. \u00a1La joyer\u00eda no se viste 24\/7!<\/p>\n\n\n\n<h2 class=\"wp-block-heading\"><br>Recomendaciones:<\/h2>\n\n\n\n<p><\/p>\n\n\n\n<ul class=\"wp-block-list\">\n<li>En caso de que tu pieza se moje, secar con un trapo y limpiar bien.<\/li>\n\n\n\n<li>Guardarlo inmediatamente despu\u00e9s de utilizar.<\/li>\n\n\n\n<li>Limpiarlo con una microfibra antes de guardarlo.<\/li>\n\n\n\n<li>Para eliminar la oxidaci\u00f3n y aumentar el brillo, frotar con el pa\u00f1o de limpieza que viene de regalo.<\/li>\n\n\n\n<li>Si lo dejaste de limpiar por alg\u00fan tiempo o cambi\u00f3 mucho de color por estar en contacto constante con el sudor, se puede limpiar con unas gotas de jugo de lim\u00f3n o vinagre, con un hisopo de algod\u00f3n o con los dedos. Para manchas grandes se puede utilizar sal o bicarbonato de sodio frot\u00e1ndolo en conjunto con el lim\u00f3n o vinagre. Enjuagar con abundante agua y secar bien antes de guardar.<br><br><\/li>\n<\/ul>\n\n\n\n<p><\/p>\n\n\n\n<p><\/p>\n\n\n\n<p><\/p>\n\n\n\n<figure class=\"wp-block-image alignfull size-large\"><img loading=\"lazy\" decoding=\"async\" width=\"1024\" height=\"384\" src=\"https:\/\/wadjetgadgets.com\/wp-content\/uploads\/2024\/09\/baner-hoja-de-cuidados-up-2-1024x384.jpg\" alt=\"\" class=\"wp-image-295\" srcset=\"https:\/\/wadjetgadgets.com\/wp-content\/uploads\/2024\/09\/baner-hoja-de-cuidados-up-2-1024x384.jpg 1024w, https:\/\/wadjetgadgets.com\/wp-content\/uploads\/2024\/09\/baner-hoja-de-cuidados-up-2-300x112.jpg 300w, https:\/\/wadjetgadgets.com\/wp-content\/uploads\/2024\/09\/baner-hoja-de-cuidados-up-2-768x288.jpg 768w, https:\/\/wadjetgadgets.com\/wp-content\/uploads\/2024\/09\/baner-hoja-de-cuidados-up-2-600x225.jpg 600w, https:\/\/wadjetgadgets.com\/wp-content\/uploads\/2024\/09\/baner-hoja-de-cuidados-up-2.jpg 1068w\" sizes=\"auto, (max-width: 1024px) 100vw, 1024px\" \/><\/figure>\n","protected":false},"excerpt":{"rendered":"<p>Con los cuidados correctos se puede extender la vida de cualquier tipo de joyer\u00eda por generaciones \u201cEl mejor tipo de cuidado que se le puede dar a la joyer\u00eda es el sentido com\u00fan\u201d No portes tu pieza en las siguientes situaciones: Al ba\u00f1arte, al dormir, al hacer trabajos manuales y\/o ejercicio. \u00a1La joyer\u00eda no se [&hellip;]<\/p>\n","protected":false},"author":1,"featured_media":0,"parent":0,"menu_order":0,"comment_status":"closed","ping_status":"closed","template":"","meta":{"footnotes":""},"class_list":["post-292","page","type-page","status-publish","hentry"],"jetpack_sharing_enabled":true,"_links":{"self":[{"href":"https:\/\/wadjetgadgets.com\/index.php?rest_route=\/wp\/v2\/pages\/292","targetHints":{"allow":["GET"]}}],"collection":[{"href":"https:\/\/wadjetgadgets.com\/index.php?rest_route=\/wp\/v2\/pages"}],"about":[{"href":"https:\/\/wadjetgadgets.com\/index.php?rest_route=\/wp\/v2\/types\/page"}],"author":[{"embeddable":true,"href":"https:\/\/wadjetgadgets.com\/index.php?rest_route=\/wp\/v2\/users\/1"}],"replies":[{"embeddable":true,"href":"https:\/\/wadjetgadgets.com\/index.php?rest_route=%2Fwp%2Fv2%2Fcomments&post=292"}],"version-history":[{"count":5,"href":"https:\/\/wadjetgadgets.com\/index.php?rest_route=\/wp\/v2\/pages\/292\/revisions"}],"predecessor-version":[{"id":360,"href":"https:\/\/wadjetgadgets.com\/index.php?rest_route=\/wp\/v2\/pages\/292\/revisions\/360"}],"wp:attachment":[{"href":"https:\/\/wadjetgadgets.com\/index.php?rest_route=%2Fwp%2Fv2%2Fmedia&parent=292"}],"curies":[{"name":"wp","href":"https:\/\/api.w.org\/{rel}","templated":true}]}}