{"id":242,"date":"2024-09-18T22:39:13","date_gmt":"2024-09-18T22:39:13","guid":{"rendered":"https:\/\/wadjetgadgets.com\/?page_id=242"},"modified":"2025-03-13T00:29:15","modified_gmt":"2025-03-13T00:29:15","slug":"comisiones","status":"publish","type":"page","link":"https:\/\/wadjetgadgets.com\/?page_id=242","title":{"rendered":"Comisiones"},"content":{"rendered":"\n<p><\/p>\n\n\n\n<figure class=\"wp-block-image alignfull size-large\"><img loading=\"lazy\" decoding=\"async\" width=\"1024\" height=\"384\" src=\"https:\/\/wadjetgadgets.com\/wp-content\/uploads\/2024\/09\/Baner-comisiones-medio-1024x384.jpg\" alt=\"\" class=\"wp-image-249\" srcset=\"https:\/\/wadjetgadgets.com\/wp-content\/uploads\/2024\/09\/Baner-comisiones-medio-1024x384.jpg 1024w, https:\/\/wadjetgadgets.com\/wp-content\/uploads\/2024\/09\/Baner-comisiones-medio-300x112.jpg 300w, https:\/\/wadjetgadgets.com\/wp-content\/uploads\/2024\/09\/Baner-comisiones-medio-768x288.jpg 768w, https:\/\/wadjetgadgets.com\/wp-content\/uploads\/2024\/09\/Baner-comisiones-medio-600x225.jpg 600w, https:\/\/wadjetgadgets.com\/wp-content\/uploads\/2024\/09\/Baner-comisiones-medio.jpg 1068w\" sizes=\"auto, (max-width: 1024px) 100vw, 1024px\" \/><\/figure>\n\n\n\n<p><\/p>\n\n\n\n<p><\/p>\n\n\n\n<p class=\"has-text-align-center\"><strong>Una de las tareas m\u00e1s satisfactorias en mi vida como artista es la elaboraci\u00f3n de piezas de joyer\u00eda \u00fanicas e irrepetibles mediante comisiones. Escuchar tus ideas y compartirte mi visi\u00f3n personal, para manifestar una pieza creada especialmente para ti.<\/strong><\/p>\n\n\n\n<p class=\"has-text-align-left\" style=\"font-size:15px\"><strong>Importante:<\/strong>\u00a0El valor inicial de cualquier pieza por comisi\u00f3n es de $2,000.00 MXN, pudiendo elevarse dependiendo de los materiales. Si buscas un rango de precio menor, lo podemos revisar y ajustar juntos.<\/p>\n\n\n\n<p class=\"has-text-align-center\">Para servirte de la mejor manera, en tiempo y forma, el proceso de comisiones se basa en una cuota inicial de $500.00 MXN, la cual ser\u00e1 descontada del precio final de tu pieza y no es reembolsable.<\/p>\n\n\n\n<h2 class=\"wp-block-heading has-text-align-center\">INSTRUCCIONES DEL PROCESO DE COMISIONES<\/h2>\n\n\n\n<ul class=\"wp-block-list\">\n<li>Env\u00eda un correo a XXXXXXX@XXXXXX para enviarte los detalles de la cuota de dise\u00f1o y consultor\u00eda, as\u00ed como para indicarme el medio por el cual prefieres que me comunique contigo.<\/li>\n<\/ul>\n\n\n\n<p><\/p>\n\n\n\n<ul class=\"wp-block-list\">\n<li>En cuanto me hagas llegar el comprobante de dep\u00f3sito\/transferencia, me pondr\u00e9 en contacto contigo para que me compartas tus ideas, materiales y\/o im\u00e1genes de referencia.<\/li>\n<\/ul>\n\n\n\n<p class=\"has-text-align-left has-black-color has-text-color has-link-color has-small-font-size wp-elements-faf28129b2a3a57b7773b20c8d84fbb3\"><strong><mark style=\"background-color:rgba(0, 0, 0, 0);color:#b88f80\" class=\"has-inline-color\">Nota: <\/mark><\/strong>\u00a0Si requieres tu pieza para una fecha espec\u00edfica, favor de hac\u00e9rmelo saber a la brevedad. Para dar prioridad a una comisi\u00f3n se cobrar\u00e1 una cuota especial que depender\u00e1 del tipo de pieza que desees. Si por carga de trabajo, me es imposible hace la entrega en la fecha que requieres, te lo har\u00e9 saber antes de realizar cualquier pago.<\/p>\n\n\n\n<ul class=\"wp-block-list\">\n<li>Te enviar\u00e9 diferentes borradores del dise\u00f1o junto con fotograf\u00edas de los materiales para determinar la direcci\u00f3n del proyecto. Una vez que apruebes el dise\u00f1o final, te proporcionar\u00e9 el presupuesto total del proyecto que incluye la cuota; se requerir\u00e1 que cubras el 50% del valor total para comenzar a trabajar en el proyecto. Ten en cuenta que este pago no es reembolsable, ya que es para cubrir los costos de tiempo, mano de obra y material.<\/li>\n<\/ul>\n\n\n\n<p class=\"has-small-font-size\"><mark style=\"background-color:rgba(0, 0, 0, 0);color:#b88f80\" class=\"has-inline-color\">Nota: <\/mark>si el anticipo no es pagado en 7 d\u00edas, el proyecto se cancelar\u00e1, ya que los precios y disponibilidad de los materiales var\u00edan y se tendr\u00eda que elaborar un nuevo presupuesto.<\/p>\n\n\n\n<ul class=\"wp-block-list\">\n<li>El proceso de elaboraci\u00f3n de todas las comisiones es documentado, en fotograf\u00eda y\/o video con motivos de marketing, para publicarlo en las redes de Wadjet Gadgets una vez que recibas tu pieza. Si no quieres que nuestro dise\u00f1o est\u00e9 en redes, se aplicar\u00e1 una cuota extra de confidencialidad.<\/li>\n<\/ul>\n\n\n\n<ul class=\"wp-block-list\">\n<li>Una vez terminada la pieza, se te notificar\u00e1 el costo de env\u00edo (que depende del peso) sumado a al 50% restante. El pago se puede dividir, siempre y cuando me lo notifiques con antelaci\u00f3n. Una vez cubierto el total del pago de la pieza, ser\u00e1 empacada y enviada a la direcci\u00f3n proporcionada.<\/li>\n<\/ul>\n\n\n\n<ul class=\"wp-block-list\"><\/ul>\n\n\n\n<p class=\"has-text-align-center has-medium-font-size\">Tengo muchas ganas de conocerte y tener la oportunidad de crear una pieza \u00fanica, especialmente para ti.<\/p>\n\n\n\n<figure class=\"wp-block-image alignfull size-large\"><img loading=\"lazy\" decoding=\"async\" width=\"1024\" height=\"384\" src=\"https:\/\/wadjetgadgets.com\/wp-content\/uploads\/2024\/09\/Baner-comisiones-medio-1-1-1024x384.jpg\" alt=\"\" class=\"wp-image-260\" srcset=\"https:\/\/wadjetgadgets.com\/wp-content\/uploads\/2024\/09\/Baner-comisiones-medio-1-1-1024x384.jpg 1024w, https:\/\/wadjetgadgets.com\/wp-content\/uploads\/2024\/09\/Baner-comisiones-medio-1-1-300x112.jpg 300w, https:\/\/wadjetgadgets.com\/wp-content\/uploads\/2024\/09\/Baner-comisiones-medio-1-1-768x288.jpg 768w, https:\/\/wadjetgadgets.com\/wp-content\/uploads\/2024\/09\/Baner-comisiones-medio-1-1-600x225.jpg 600w, https:\/\/wadjetgadgets.com\/wp-content\/uploads\/2024\/09\/Baner-comisiones-medio-1-1.jpg 1068w\" sizes=\"auto, (max-width: 1024px) 100vw, 1024px\" \/><\/figure>\n\n\n\n<p><\/p>\n","protected":false},"excerpt":{"rendered":"<p>Una de las tareas m\u00e1s satisfactorias en mi vida como artista es la elaboraci\u00f3n de piezas de joyer\u00eda \u00fanicas e irrepetibles mediante comisiones. Escuchar tus ideas y compartirte mi visi\u00f3n personal, para manifestar una pieza creada especialmente para ti. Importante:\u00a0El valor inicial de cualquier pieza por comisi\u00f3n es de $2,000.00 MXN, pudiendo elevarse dependiendo de [&hellip;]<\/p>\n","protected":false},"author":1,"featured_media":0,"parent":0,"menu_order":0,"comment_status":"closed","ping_status":"closed","template":"","meta":{"footnotes":""},"class_list":["post-242","page","type-page","status-publish","hentry"],"jetpack_sharing_enabled":true,"_links":{"self":[{"href":"https:\/\/wadjetgadgets.com\/index.php?rest_route=\/wp\/v2\/pages\/242","targetHints":{"allow":["GET"]}}],"collection":[{"href":"https:\/\/wadjetgadgets.com\/index.php?rest_route=\/wp\/v2\/pages"}],"about":[{"href":"https:\/\/wadjetgadgets.com\/index.php?rest_route=\/wp\/v2\/types\/page"}],"author":[{"embeddable":true,"href":"https:\/\/wadjetgadgets.com\/index.php?rest_route=\/wp\/v2\/users\/1"}],"replies":[{"embeddable":true,"href":"https:\/\/wadjetgadgets.com\/index.php?rest_route=%2Fwp%2Fv2%2Fcomments&post=242"}],"version-history":[{"count":19,"href":"https:\/\/wadjetgadgets.com\/index.php?rest_route=\/wp\/v2\/pages\/242\/revisions"}],"predecessor-version":[{"id":356,"href":"https:\/\/wadjetgadgets.com\/index.php?rest_route=\/wp\/v2\/pages\/242\/revisions\/356"}],"wp:attachment":[{"href":"https:\/\/wadjetgadgets.com\/index.php?rest_route=%2Fwp%2Fv2%2Fmedia&parent=242"}],"curies":[{"name":"wp","href":"https:\/\/api.w.org\/{rel}","templated":true}]}}